{"id":442,"date":"2015-11-17T05:09:58","date_gmt":"2015-11-17T05:09:58","guid":{"rendered":"http:\/\/logistics.stylemixthemes.com\/\/?page_id=442"},"modified":"2023-12-25T18:53:10","modified_gmt":"2023-12-25T15:53:10","slug":"iletisim","status":"publish","type":"page","link":"https:\/\/gunport.com.tr\/?page_id=442","title":{"rendered":"\u0130leti\u015fim"},"content":{"rendered":"<section class=\"wpb-content-wrapper\"><p>[vc_row css=&#8221;.vc_custom_1449207080478{margin-bottom: 60px !important;}&#8221;][vc_column offset=&#8221;vc_col-lg-4 vc_col-md-4&#8243; css=&#8221;.vc_custom_1449207085340{margin-bottom: 30px !important;}&#8221;][vc_column_text]<\/p>\n<h2>\u0130leti\u015fim<\/h2>\n<p>G\u00fcnport olarak bizimle veya hizmetlerimiz ile ilgili sorular\u0131n\u0131z i\u00e7in ileti\u015fim bilgilerimiz.[\/vc_column_text][\/vc_column][vc_column offset=&#8221;vc_col-lg-8 vc_col-md-8&#8243; css=&#8221;.vc_custom_1703518077841{margin-bottom: 30px !important;}&#8221; el_class=&#8221;base_bg_color&#8221;][vc_custom_heading text=&#8221;\u0130LET\u0130\u015e\u0130M B\u0130LG\u0130LER\u0130&#8221; font_container=&#8221;tag:h2|text_align:left|color:%23ffffff&#8221; use_theme_fonts=&#8221;yes&#8221;][vc_column_text]OSMANGAZ\u0130 MAHALLES\u0130 2626 SOKAK NO:1-3 ESENYURT<br \/>\nKIRA\u00c7 MEVK\u0130\u0130 \/ \u0130STANBUL<br \/>\nTEL : 0212-652-32-24<br \/>\nFAKS : 0212-652-32-25<br \/>\nINFO@GUNPORT.COM.TR[\/vc_column_text][\/vc_column][\/vc_row][vc_row][vc_column][vc_gmaps link=&#8221;#E-8_JTNDaWZyYW1lJTIwc3JjJTNEJTIyaHR0cHMlM0ElMkYlMkZ3d3cuZ29vZ2xlLmNvbSUyRm1hcHMlMkZlbWJlZCUzRnBiJTNEJTIxMW0xNCUyMTFtOCUyMTFtMyUyMTFkMjQwNjkuNDk2ODgyNDE1NzI2JTIxMmQyOC42Mzk0MzglMjEzZDQxLjA1Mzk3MSUyMTNtMiUyMTFpMTAyNCUyMTJpNzY4JTIxNGYxMy4xJTIxM20zJTIxMW0yJTIxMXMweDE0YjU1OGNkZTY1MDU1NDklMjUzQTB4YmZlNGU2ZGZhOWExOGI5OSUyMTJzRyUyNUMzJTI1QkNucG9ydCUyNTIwQW50cmVwbyUyMTVlMCUyMTNtMiUyMTFzdHIlMjEyc3RyJTIxNHYxNzAzNTE3ODExNjM5JTIxNW0yJTIxMXN0ciUyMTJzdHIlMjIlMjB3aWR0aCUzRCUyMjYwMCUyMiUyMGhlaWdodCUzRCUyMjQ1MCUyMiUyMHN0eWxlJTNEJTIyYm9yZGVyJTNBMCUzQiUyMiUyMGFsbG93ZnVsbHNjcmVlbiUzRCUyMiUyMiUyMGxvYWRpbmclM0QlMjJsYXp5JTIyJTIwcmVmZXJyZXJwb2xpY3klM0QlMjJuby1yZWZlcnJlci13aGVuLWRvd25ncmFkZSUyMiUzRSUzQyUyRmlmcmFtZSUzRQ==&#8221;][\/vc_column][\/vc_row]<\/p>\n<\/section>","protected":false},"excerpt":{"rendered":"<p>[vc_row css=&#8221;.vc_custom_1449207080478{margin-bottom: 60px !important;}&#8221;][vc_column offset=&#8221;vc_col-lg-4 vc_col-md-4&#8243; css=&#8221;.vc_custom_1449207085340{margin-bottom: 30px !important;}&#8221;][vc_column_text] \u0130leti\u015fim G\u00fcnport olarak bizimle veya hizmetlerimiz ile ilgili sorular\u0131n\u0131z i\u00e7in ileti\u015fim bilgilerimiz.[\/vc_column_text][\/vc_column][vc_column offset=&#8221;vc_col-lg-8 vc_col-md-8&#8243; css=&#8221;.vc_custom_1703518077841{margin-bottom: 30px !important;}&#8221; el_class=&#8221;base_bg_color&#8221;][vc_custom_heading text=&#8221;\u0130LET\u0130\u015e\u0130M B\u0130LG\u0130LER\u0130&#8221; font_container=&#8221;tag:h2|text_align:left|color:%23ffffff&#8221; use_theme_fonts=&#8221;yes&#8221;][vc_column_text]OSMANGAZ\u0130 MAHALLES\u0130 2626&#8230;<\/p>\n","protected":false},"author":1,"featured_media":0,"parent":0,"menu_order":0,"comment_status":"closed","ping_status":"closed","template":"","meta":{"footnotes":""},"class_list":["post-442","page","type-page","status-publish","hentry"],"yoast_head":"<!-- This site is optimized with the Yoast SEO plugin v21.7 - https:\/\/yoast.com\/wordpress\/plugins\/seo\/ -->\n<title>\u0130leti\u015fim - G\u00dcNPORT<\/title>\n<meta name=\"robots\" content=\"index, follow, max-snippet:-1, max-image-preview:large, max-video-preview:-1\" \/>\n<link rel=\"canonical\" href=\"https:\/\/gunport.com.tr\/?page_id=442\" \/>\n<meta property=\"og:locale\" content=\"tr_TR\" \/>\n<meta property=\"og:type\" content=\"article\" \/>\n<meta property=\"og:title\" content=\"\u0130leti\u015fim - G\u00dcNPORT\" \/>\n<meta property=\"og:description\" content=\"[vc_row css=&#8221;.vc_custom_1449207080478{margin-bottom: 60px !important;}&#8221;][vc_column offset=&#8221;vc_col-lg-4 vc_col-md-4&#8243; css=&#8221;.vc_custom_1449207085340{margin-bottom: 30px !important;}&#8221;][vc_column_text] \u0130leti\u015fim G\u00fcnport olarak bizimle veya hizmetlerimiz ile ilgili sorular\u0131n\u0131z i\u00e7in ileti\u015fim bilgilerimiz.[\/vc_column_text][\/vc_column][vc_column offset=&#8221;vc_col-lg-8 vc_col-md-8&#8243; css=&#8221;.vc_custom_1703518077841{margin-bottom: 30px !important;}&#8221; el_class=&#8221;base_bg_color&#8221;][vc_custom_heading text=&#8221;\u0130LET\u0130\u015e\u0130M B\u0130LG\u0130LER\u0130&#8221; font_container=&#8221;tag:h2|text_align:left|color:%23ffffff&#8221; use_theme_fonts=&#8221;yes&#8221;][vc_column_text]OSMANGAZ\u0130 MAHALLES\u0130 2626...\" \/>\n<meta property=\"og:url\" content=\"https:\/\/gunport.com.tr\/?page_id=442\" \/>\n<meta property=\"og:site_name\" content=\"G\u00dcNPORT\" \/>\n<meta property=\"article:publisher\" content=\"https:\/\/www.facebook.com\/profile.php?id=109573543886909&amp;paipv=0&amp;eav=AfaHbsgmfQCvt-LVJ4GEWmICBbee8wN3_yhOjs6gFYruWbVSuHctbV1s5X1AJCUjoKw&amp;_rdr\" \/>\n<meta property=\"article:modified_time\" content=\"2023-12-25T15:53:10+00:00\" \/>\n<meta name=\"twitter:card\" content=\"summary_large_image\" \/>\n<meta name=\"twitter:label1\" content=\"Tahmini okuma s\u00fcresi\" \/>\n\t<meta name=\"twitter:data1\" content=\"1 dakika\" \/>\n<script type=\"application\/ld+json\" class=\"yoast-schema-graph\">{\"@context\":\"https:\/\/schema.org\",\"@graph\":[{\"@type\":\"WebPage\",\"@id\":\"https:\/\/gunport.com.tr\/?page_id=442\",\"url\":\"https:\/\/gunport.com.tr\/?page_id=442\",\"name\":\"\u0130leti\u015fim - G\u00dcNPORT\",\"isPartOf\":{\"@id\":\"https:\/\/gunport.com.tr\/#website\"},\"datePublished\":\"2015-11-17T05:09:58+00:00\",\"dateModified\":\"2023-12-25T15:53:10+00:00\",\"breadcrumb\":{\"@id\":\"https:\/\/gunport.com.tr\/?page_id=442#breadcrumb\"},\"inLanguage\":\"tr\",\"potentialAction\":[{\"@type\":\"ReadAction\",\"target\":[\"https:\/\/gunport.com.tr\/?page_id=442\"]}]},{\"@type\":\"BreadcrumbList\",\"@id\":\"https:\/\/gunport.com.tr\/?page_id=442#breadcrumb\",\"itemListElement\":[{\"@type\":\"ListItem\",\"position\":1,\"name\":\"Anasayfa\",\"item\":\"https:\/\/gunport.com.tr\/\"},{\"@type\":\"ListItem\",\"position\":2,\"name\":\"\u0130leti\u015fim\"}]},{\"@type\":\"WebSite\",\"@id\":\"https:\/\/gunport.com.tr\/#website\",\"url\":\"https:\/\/gunport.com.tr\/\",\"name\":\"G\u00dcNPORT\",\"description\":\"Antrepo ve Lojistik\",\"publisher\":{\"@id\":\"https:\/\/gunport.com.tr\/#organization\"},\"potentialAction\":[{\"@type\":\"SearchAction\",\"target\":{\"@type\":\"EntryPoint\",\"urlTemplate\":\"https:\/\/gunport.com.tr\/?s={search_term_string}\"},\"query-input\":\"required name=search_term_string\"}],\"inLanguage\":\"tr\"},{\"@type\":\"Organization\",\"@id\":\"https:\/\/gunport.com.tr\/#organization\",\"name\":\"G\u00dcNPORT\",\"url\":\"https:\/\/gunport.com.tr\/\",\"logo\":{\"@type\":\"ImageObject\",\"inLanguage\":\"tr\",\"@id\":\"https:\/\/gunport.com.tr\/#\/schema\/logo\/image\/\",\"url\":\"http:\/\/www.gunport.com.tr\/wp-content\/uploads\/2023\/12\/WhatsApp_Gorsel_2023-12-24_saat_23.31.56_9a4a72a7-removebg-preview-removebg-preview.png\",\"contentUrl\":\"http:\/\/www.gunport.com.tr\/wp-content\/uploads\/2023\/12\/WhatsApp_Gorsel_2023-12-24_saat_23.31.56_9a4a72a7-removebg-preview-removebg-preview.png\",\"width\":444,\"height\":146,\"caption\":\"G\u00dcNPORT\"},\"image\":{\"@id\":\"https:\/\/gunport.com.tr\/#\/schema\/logo\/image\/\"},\"sameAs\":[\"https:\/\/www.facebook.com\/profile.php?id=109573543886909&paipv=0&eav=AfaHbsgmfQCvt-LVJ4GEWmICBbee8wN3_yhOjs6gFYruWbVSuHctbV1s5X1AJCUjoKw&_rdr\",\"https:\/\/www.instagram.com\/gunportantrepolojistik\/\",\"https:\/\/g.co\/kgs\/AQiH8u\"]}]}<\/script>\n<!-- \/ Yoast SEO plugin. -->","yoast_head_json":{"title":"\u0130leti\u015fim - G\u00dcNPORT","robots":{"index":"index","follow":"follow","max-snippet":"max-snippet:-1","max-image-preview":"max-image-preview:large","max-video-preview":"max-video-preview:-1"},"canonical":"https:\/\/gunport.com.tr\/?page_id=442","og_locale":"tr_TR","og_type":"article","og_title":"\u0130leti\u015fim - G\u00dcNPORT","og_description":"[vc_row css=&#8221;.vc_custom_1449207080478{margin-bottom: 60px !important;}&#8221;][vc_column offset=&#8221;vc_col-lg-4 vc_col-md-4&#8243; css=&#8221;.vc_custom_1449207085340{margin-bottom: 30px !important;}&#8221;][vc_column_text] \u0130leti\u015fim G\u00fcnport olarak bizimle veya hizmetlerimiz ile ilgili sorular\u0131n\u0131z i\u00e7in ileti\u015fim bilgilerimiz.[\/vc_column_text][\/vc_column][vc_column offset=&#8221;vc_col-lg-8 vc_col-md-8&#8243; css=&#8221;.vc_custom_1703518077841{margin-bottom: 30px !important;}&#8221; el_class=&#8221;base_bg_color&#8221;][vc_custom_heading text=&#8221;\u0130LET\u0130\u015e\u0130M B\u0130LG\u0130LER\u0130&#8221; font_container=&#8221;tag:h2|text_align:left|color:%23ffffff&#8221; use_theme_fonts=&#8221;yes&#8221;][vc_column_text]OSMANGAZ\u0130 MAHALLES\u0130 2626...","og_url":"https:\/\/gunport.com.tr\/?page_id=442","og_site_name":"G\u00dcNPORT","article_publisher":"https:\/\/www.facebook.com\/profile.php?id=109573543886909&paipv=0&eav=AfaHbsgmfQCvt-LVJ4GEWmICBbee8wN3_yhOjs6gFYruWbVSuHctbV1s5X1AJCUjoKw&_rdr","article_modified_time":"2023-12-25T15:53:10+00:00","twitter_card":"summary_large_image","twitter_misc":{"Tahmini okuma s\u00fcresi":"1 dakika"},"schema":{"@context":"https:\/\/schema.org","@graph":[{"@type":"WebPage","@id":"https:\/\/gunport.com.tr\/?page_id=442","url":"https:\/\/gunport.com.tr\/?page_id=442","name":"\u0130leti\u015fim - G\u00dcNPORT","isPartOf":{"@id":"https:\/\/gunport.com.tr\/#website"},"datePublished":"2015-11-17T05:09:58+00:00","dateModified":"2023-12-25T15:53:10+00:00","breadcrumb":{"@id":"https:\/\/gunport.com.tr\/?page_id=442#breadcrumb"},"inLanguage":"tr","potentialAction":[{"@type":"ReadAction","target":["https:\/\/gunport.com.tr\/?page_id=442"]}]},{"@type":"BreadcrumbList","@id":"https:\/\/gunport.com.tr\/?page_id=442#breadcrumb","itemListElement":[{"@type":"ListItem","position":1,"name":"Anasayfa","item":"https:\/\/gunport.com.tr\/"},{"@type":"ListItem","position":2,"name":"\u0130leti\u015fim"}]},{"@type":"WebSite","@id":"https:\/\/gunport.com.tr\/#website","url":"https:\/\/gunport.com.tr\/","name":"G\u00dcNPORT","description":"Antrepo ve Lojistik","publisher":{"@id":"https:\/\/gunport.com.tr\/#organization"},"potentialAction":[{"@type":"SearchAction","target":{"@type":"EntryPoint","urlTemplate":"https:\/\/gunport.com.tr\/?s={search_term_string}"},"query-input":"required name=search_term_string"}],"inLanguage":"tr"},{"@type":"Organization","@id":"https:\/\/gunport.com.tr\/#organization","name":"G\u00dcNPORT","url":"https:\/\/gunport.com.tr\/","logo":{"@type":"ImageObject","inLanguage":"tr","@id":"https:\/\/gunport.com.tr\/#\/schema\/logo\/image\/","url":"http:\/\/www.gunport.com.tr\/wp-content\/uploads\/2023\/12\/WhatsApp_Gorsel_2023-12-24_saat_23.31.56_9a4a72a7-removebg-preview-removebg-preview.png","contentUrl":"http:\/\/www.gunport.com.tr\/wp-content\/uploads\/2023\/12\/WhatsApp_Gorsel_2023-12-24_saat_23.31.56_9a4a72a7-removebg-preview-removebg-preview.png","width":444,"height":146,"caption":"G\u00dcNPORT"},"image":{"@id":"https:\/\/gunport.com.tr\/#\/schema\/logo\/image\/"},"sameAs":["https:\/\/www.facebook.com\/profile.php?id=109573543886909&paipv=0&eav=AfaHbsgmfQCvt-LVJ4GEWmICBbee8wN3_yhOjs6gFYruWbVSuHctbV1s5X1AJCUjoKw&_rdr","https:\/\/www.instagram.com\/gunportantrepolojistik\/","https:\/\/g.co\/kgs\/AQiH8u"]}]}},"_links":{"self":[{"href":"https:\/\/gunport.com.tr\/index.php?rest_route=\/wp\/v2\/pages\/442","targetHints":{"allow":["GET"]}}],"collection":[{"href":"https:\/\/gunport.com.tr\/index.php?rest_route=\/wp\/v2\/pages"}],"about":[{"href":"https:\/\/gunport.com.tr\/index.php?rest_route=\/wp\/v2\/types\/page"}],"author":[{"embeddable":true,"href":"https:\/\/gunport.com.tr\/index.php?rest_route=\/wp\/v2\/users\/1"}],"replies":[{"embeddable":true,"href":"https:\/\/gunport.com.tr\/index.php?rest_route=%2Fwp%2Fv2%2Fcomments&post=442"}],"version-history":[{"count":2,"href":"https:\/\/gunport.com.tr\/index.php?rest_route=\/wp\/v2\/pages\/442\/revisions"}],"predecessor-version":[{"id":1465,"href":"https:\/\/gunport.com.tr\/index.php?rest_route=\/wp\/v2\/pages\/442\/revisions\/1465"}],"wp:attachment":[{"href":"https:\/\/gunport.com.tr\/index.php?rest_route=%2Fwp%2Fv2%2Fmedia&parent=442"}],"curies":[{"name":"wp","href":"https:\/\/api.w.org\/{rel}","templated":true}]}}